{"id":110,"date":"2010-01-07T16:36:33","date_gmt":"2010-01-07T15:36:33","guid":{"rendered":"http:\/\/www.cam-netz.com\/sexy-frauen\/?page_id=110"},"modified":"2014-02-14T20:22:41","modified_gmt":"2014-02-14T19:22:41","slug":"neue-camgirls","status":"publish","type":"page","link":"https:\/\/www.cam-netz.com\/sexy-frauen\/neue-camgirls\/","title":{"rendered":"Neue Camgirls"},"content":{"rendered":"<p>Damit es nicht langweilig wird, stellen wir hier in unregelm\u00e4ssigen Abst\u00e4nden die neuesten Camgirls vor. Freu Dich auf teuflische Engel f\u00fcr aufregende Sexabenteuer.<br \/>\nIn der Rolle der unterw\u00fcrfigen Liebesdienerin f\u00fchlt sich ScharfeNatalie ebenso wohl wie in der Rolle der strengen Lady mit Herrscherall\u00fcren. Auf jeden Fall ist mit diesem geilen Camluder im Livechat geile Abwechslung angesagt !<\/p>\n<p>HOTMELINA<br \/>\n<a href=\"http:\/\/lsps2007.cam-content.com\/GirlInfo.aspx?Pseudo=HotMelina&amp;SystemID=cam-netz-com\" rel=\"nofollow\"><img loading=\"lazy\" class=\"alignnone\" title=\"Hotmelina\" src=\"http:\/\/ext06.cam-content.com\/ProducerImages\/2927553612440057_148x111.jpg\" alt=\"\" width=\"148\" height=\"111\" \/><\/a><br \/>\nBist Du auf der Suche nach einem teuflischen Engel, einer dreckigen kleinen Schlampe oder willst Du eher eine geheimnisvolle Geliebte? Bei HotMelina bist Du mit der Sexcam auf jeden Fall richtig !<\/p>\n<p>SEXYKENNIE<br \/>\n<a href=\"http:\/\/lsps2007.cam-content.com\/GirlInfo.aspx?Pseudo=SexyKennie&amp;SystemID=cam-netz-com\" rel=\"nofollow\"><img loading=\"lazy\" class=\"alignnone\" title=\"Sexykennie\" src=\"http:\/\/ext06.cam-content.com\/ProducerImages\/1731830883602264_148x111.jpg\" alt=\"\" width=\"148\" height=\"111\" \/><\/a><br \/>\nDas geile Asia-Girl SexyKennie steht auf sinnliche und aufregende Sexabenteuer voller Leidenschaft und exotischem Flair! Lass Dich von SexyKennie vor der Webcam verf\u00fchren und geniesse einen fern\u00f6stlichen Livechat!<\/p>\n<p>SEXYNICI<br \/>\n<a href=\"http:\/\/lsps2007.cam-content.com\/GirlInfo.aspx?Pseudo=SexyNici&amp;SystemID=cam-netz-com\" rel=\"nofollow\"><img loading=\"lazy\" class=\"alignnone\" title=\"Sexynici\" src=\"http:\/\/ext06.cam-content.com\/ProducerImages\/7578531220603592_148x111.jpg\" alt=\"\" width=\"148\" height=\"111\" \/><\/a><br \/>\nDas scharfe Camgirl SexyNici ist sich in Sachen Sex f\u00fcr nahezu nichts zu schade ! Kein Wunder, dass sie vollkommen schamlos vor der Cam pr\u00e4sentiert was sie zu bieten hat !<\/p>\n<p>SEXYJORDAN<\/p>\n<p>Bist Du bereit f\u00fcr ein nasses, wildes Abenteuer mit einem echten Luxusluder? Dann solltest Du Dir eine Nummer mit SexyJordan vor der Webcam auf gar keinen Fall entgehen lassen! Jede Nacht verw\u00f6hnt sie ihre G\u00e4ste mit nassen Spielen. Sexyjordan spricht nur english.<\/p>\n<p>SUESSEANNE<br \/>\n<a href=\"http:\/\/lsps2007.cam-content.com\/GirlInfo.aspx?Pseudo=SuesseAnne&amp;SystemID=cam-netz-com\" rel=\"nofollow\"><img loading=\"lazy\" class=\"alignnone\" title=\"SuesseAnne\" src=\"http:\/\/ext06.cam-content.com\/ProducerImages\/9753813845848582_148x111.jpg\" alt=\"\" width=\"148\" height=\"111\" \/><\/a><br \/>\nSex nach einem romantisch franz\u00f6sisches Abendessen oder eine heisse Nummer am warmen Strand? SuesseAnne hat viele scharfe Phantasien wenn es um ihre Lust geht! Im Livechat kannst Du mit ihr tr\u00c3\u00a4umen und so viele Fantasien geniessen.<br \/>\nDas Motto von HotCindy lautet : Alles was erlaubt ist ist geil! Und darum kennt der verspielte SexVamp auch kaum Grenzen wenn es darum geht ihre versauten Triebe im Chat schamlos auszuleben !<br \/>\nEure HeisseKim! Sie will mehr Sex. Noch mehr Sex. Viel mehr Sex. Am liebsten mit M\u00e4nnern die ganz genau wissen was sie wollen. Hier im Livechat.<\/p>\n","protected":false},"excerpt":{"rendered":"<p>Damit es nicht langweilig wird, stellen wir hier in unregelm\u00e4ssigen Abst\u00e4nden die neuesten Camgirls vor. Freu Dich auf teuflische Engel f\u00fcr aufregende Sexabenteuer. In der Rolle der unterw\u00fcrfigen Liebesdienerin f\u00fchlt sich ScharfeNatalie ebenso wohl wie in der Rolle der strengen Lady mit Herrscherall\u00fcren. Auf jeden Fall ist mit diesem geilen Camluder im Livechat geile Abwechslung &hellip; <a href=\"https:\/\/www.cam-netz.com\/sexy-frauen\/neue-camgirls\/\" class=\"more-link\"><span class=\"screen-reader-text\">&#8222;Neue Camgirls&#8220; <\/span>weiterlesen<\/a><\/p>\n","protected":false},"author":1,"featured_media":0,"parent":0,"menu_order":0,"comment_status":"open","ping_status":"open","template":"","meta":{"ngg_post_thumbnail":0},"yoast_head":"<!-- This site is optimized with the Yoast SEO plugin v16.2 - https:\/\/yoast.com\/wordpress\/plugins\/seo\/ -->\n<title>Neue Camgirls - Sexy Frauen Live<\/title>\n<meta name=\"robots\" content=\"index, follow, max-snippet:-1, max-image-preview:large, max-video-preview:-1\" \/>\n<link rel=\"canonical\" href=\"https:\/\/www.cam-netz.com\/sexy-frauen\/neue-camgirls\/\" \/>\n<meta property=\"og:locale\" content=\"de_DE\" \/>\n<meta property=\"og:type\" content=\"article\" \/>\n<meta property=\"og:title\" content=\"Neue Camgirls - Sexy Frauen Live\" \/>\n<meta property=\"og:description\" content=\"Damit es nicht langweilig wird, stellen wir hier in unregelm\u00e4ssigen Abst\u00e4nden die neuesten Camgirls vor. Freu Dich auf teuflische Engel f\u00fcr aufregende Sexabenteuer. In der Rolle der unterw\u00fcrfigen Liebesdienerin f\u00fchlt sich ScharfeNatalie ebenso wohl wie in der Rolle der strengen Lady mit Herrscherall\u00fcren. Auf jeden Fall ist mit diesem geilen Camluder im Livechat geile Abwechslung &hellip; &#8222;Neue Camgirls&#8220; weiterlesen\" \/>\n<meta property=\"og:url\" content=\"https:\/\/www.cam-netz.com\/sexy-frauen\/neue-camgirls\/\" \/>\n<meta property=\"og:site_name\" content=\"Sexy Frauen Live\" \/>\n<meta property=\"article:modified_time\" content=\"2014-02-14T19:22:41+00:00\" \/>\n<meta property=\"og:image\" content=\"http:\/\/ext06.cam-content.com\/ProducerImages\/2927553612440057_148x111.jpg\" \/>\n<meta name=\"twitter:card\" content=\"summary\" \/>\n<meta name=\"twitter:label1\" content=\"Gesch\u00e4tzte Lesezeit\">\n\t<meta name=\"twitter:data1\" content=\"2\u00a0Minuten\">\n<script type=\"application\/ld+json\" class=\"yoast-schema-graph\">{\"@context\":\"https:\/\/schema.org\",\"@graph\":[{\"@type\":\"WebSite\",\"@id\":\"https:\/\/www.cam-netz.com\/sexy-frauen\/#website\",\"url\":\"https:\/\/www.cam-netz.com\/sexy-frauen\/\",\"name\":\"Sexy Frauen Live\",\"description\":\"Cams, Videos und Fotos - gratis testen\",\"potentialAction\":[{\"@type\":\"SearchAction\",\"target\":\"https:\/\/www.cam-netz.com\/sexy-frauen\/?s={search_term_string}\",\"query-input\":\"required name=search_term_string\"}],\"inLanguage\":\"de\"},{\"@type\":\"ImageObject\",\"@id\":\"https:\/\/www.cam-netz.com\/sexy-frauen\/neue-camgirls\/#primaryimage\",\"inLanguage\":\"de\",\"url\":\"http:\/\/ext06.cam-content.com\/ProducerImages\/2927553612440057_148x111.jpg\",\"contentUrl\":\"http:\/\/ext06.cam-content.com\/ProducerImages\/2927553612440057_148x111.jpg\"},{\"@type\":\"WebPage\",\"@id\":\"https:\/\/www.cam-netz.com\/sexy-frauen\/neue-camgirls\/#webpage\",\"url\":\"https:\/\/www.cam-netz.com\/sexy-frauen\/neue-camgirls\/\",\"name\":\"Neue Camgirls - Sexy Frauen Live\",\"isPartOf\":{\"@id\":\"https:\/\/www.cam-netz.com\/sexy-frauen\/#website\"},\"primaryImageOfPage\":{\"@id\":\"https:\/\/www.cam-netz.com\/sexy-frauen\/neue-camgirls\/#primaryimage\"},\"datePublished\":\"2010-01-07T15:36:33+00:00\",\"dateModified\":\"2014-02-14T19:22:41+00:00\",\"breadcrumb\":{\"@id\":\"https:\/\/www.cam-netz.com\/sexy-frauen\/neue-camgirls\/#breadcrumb\"},\"inLanguage\":\"de\",\"potentialAction\":[{\"@type\":\"ReadAction\",\"target\":[\"https:\/\/www.cam-netz.com\/sexy-frauen\/neue-camgirls\/\"]}]},{\"@type\":\"BreadcrumbList\",\"@id\":\"https:\/\/www.cam-netz.com\/sexy-frauen\/neue-camgirls\/#breadcrumb\",\"itemListElement\":[{\"@type\":\"ListItem\",\"position\":1,\"item\":{\"@type\":\"WebPage\",\"@id\":\"https:\/\/www.cam-netz.com\/sexy-frauen\/\",\"url\":\"https:\/\/www.cam-netz.com\/sexy-frauen\/\",\"name\":\"Home\"}},{\"@type\":\"ListItem\",\"position\":2,\"item\":{\"@id\":\"https:\/\/www.cam-netz.com\/sexy-frauen\/neue-camgirls\/#webpage\"}}]}]}<\/script>\n<!-- \/ Yoast SEO plugin. -->","_links":{"self":[{"href":"https:\/\/www.cam-netz.com\/sexy-frauen\/wp-json\/wp\/v2\/pages\/110"}],"collection":[{"href":"https:\/\/www.cam-netz.com\/sexy-frauen\/wp-json\/wp\/v2\/pages"}],"about":[{"href":"https:\/\/www.cam-netz.com\/sexy-frauen\/wp-json\/wp\/v2\/types\/page"}],"author":[{"embeddable":true,"href":"https:\/\/www.cam-netz.com\/sexy-frauen\/wp-json\/wp\/v2\/users\/1"}],"replies":[{"embeddable":true,"href":"https:\/\/www.cam-netz.com\/sexy-frauen\/wp-json\/wp\/v2\/comments?post=110"}],"version-history":[{"count":6,"href":"https:\/\/www.cam-netz.com\/sexy-frauen\/wp-json\/wp\/v2\/pages\/110\/revisions"}],"predecessor-version":[{"id":302,"href":"https:\/\/www.cam-netz.com\/sexy-frauen\/wp-json\/wp\/v2\/pages\/110\/revisions\/302"}],"wp:attachment":[{"href":"https:\/\/www.cam-netz.com\/sexy-frauen\/wp-json\/wp\/v2\/media?parent=110"}],"curies":[{"name":"wp","href":"https:\/\/api.w.org\/{rel}","templated":true}]}}